{"id":2624,"date":"2022-02-11T05:25:16","date_gmt":"2022-02-11T04:25:16","guid":{"rendered":"https:\/\/tehnoelektro.hr\/pravila-privatnosti\/"},"modified":"2022-03-11T08:48:41","modified_gmt":"2022-03-11T07:48:41","slug":"datenschutz-bestimmungen","status":"publish","type":"page","link":"https:\/\/tehnoelektro.hr\/de\/datenschutz-bestimmungen\/","title":{"rendered":"Datenschutz-Bestimmungen"},"content":{"rendered":"\t\t<div data-elementor-type=\"wp-page\" data-elementor-id=\"2624\" class=\"elementor elementor-2624 elementor-3\" data-elementor-post-type=\"page\">\n\t\t\t\t\t\t<section class=\"elementor-section elementor-top-section elementor-element elementor-element-d34da51 elementor-section-boxed elementor-section-height-default elementor-section-height-default\" data-id=\"d34da51\" data-element_type=\"section\">\n\t\t\t\t\t\t<div class=\"elementor-container elementor-column-gap-default\">\n\t\t\t\t\t<div class=\"elementor-column elementor-col-100 elementor-top-column elementor-element elementor-element-13b9c73\" data-id=\"13b9c73\" data-element_type=\"column\">\n\t\t\t<div class=\"elementor-widget-wrap elementor-element-populated\">\n\t\t\t\t\t\t<div class=\"elementor-element elementor-element-ca947a1 elementor-widget elementor-widget-heading\" data-id=\"ca947a1\" data-element_type=\"widget\" data-widget_type=\"heading.default\">\n\t\t\t\t<div class=\"elementor-widget-container\">\n\t\t\t<style>\/*! elementor - v3.21.0 - 20-05-2024 *\/\n.elementor-heading-title{padding:0;margin:0;line-height:1}.elementor-widget-heading .elementor-heading-title[class*=elementor-size-]>a{color:inherit;font-size:inherit;line-height:inherit}.elementor-widget-heading .elementor-heading-title.elementor-size-small{font-size:15px}.elementor-widget-heading .elementor-heading-title.elementor-size-medium{font-size:19px}.elementor-widget-heading .elementor-heading-title.elementor-size-large{font-size:29px}.elementor-widget-heading .elementor-heading-title.elementor-size-xl{font-size:39px}.elementor-widget-heading .elementor-heading-title.elementor-size-xxl{font-size:59px}<\/style><h2 class=\"elementor-heading-title elementor-size-default\">Datenschutz- und Nutzungsrichtlinie<\/h2>\t\t<\/div>\n\t\t\t\t<\/div>\n\t\t\t\t\t<\/div>\n\t\t<\/div>\n\t\t\t\t\t<\/div>\n\t\t<\/section>\n\t\t\t\t<section class=\"elementor-section elementor-top-section elementor-element elementor-element-2b3c9913 elementor-section-boxed elementor-section-height-default elementor-section-height-default\" data-id=\"2b3c9913\" data-element_type=\"section\">\n\t\t\t\t\t\t<div class=\"elementor-container elementor-column-gap-default\">\n\t\t\t\t\t<div class=\"elementor-column elementor-col-100 elementor-top-column elementor-element elementor-element-2c85cf9d\" data-id=\"2c85cf9d\" data-element_type=\"column\">\n\t\t\t<div class=\"elementor-widget-wrap elementor-element-populated\">\n\t\t\t\t\t\t<div class=\"elementor-element elementor-element-100e1f49 elementor-widget elementor-widget-text-editor\" data-id=\"100e1f49\" data-element_type=\"widget\" data-widget_type=\"text-editor.default\">\n\t\t\t\t<div class=\"elementor-widget-container\">\n\t\t\t<style>\/*! elementor - v3.21.0 - 20-05-2024 *\/\n.elementor-widget-text-editor.elementor-drop-cap-view-stacked .elementor-drop-cap{background-color:#69727d;color:#fff}.elementor-widget-text-editor.elementor-drop-cap-view-framed .elementor-drop-cap{color:#69727d;border:3px solid;background-color:transparent}.elementor-widget-text-editor:not(.elementor-drop-cap-view-default) .elementor-drop-cap{margin-top:8px}.elementor-widget-text-editor:not(.elementor-drop-cap-view-default) .elementor-drop-cap-letter{width:1em;height:1em}.elementor-widget-text-editor .elementor-drop-cap{float:left;text-align:center;line-height:1;font-size:50px}.elementor-widget-text-editor .elementor-drop-cap-letter{display:inline-block}<\/style>\t\t\t\t<h2>Wer wir sind<\/h2><p><strong>TEHNO-ELEKTRO d.o.o<\/strong> &#8211; <a href=\"https:\/\/tehnoelektro.hr\">https:\/\/tehnoelektro.hr<\/a>.<\/p><p>\u00a0<\/p><h2>Cookies<\/h2><p>Wenn Sie unsere Anmeldeseite besuchen, setzen wir ein tempor\u00e4res Cookie, um festzustellen, ob Ihr Browser Cookies akzeptiert. Dieses Cookie enth\u00e4lt keine personenbezogenen Daten und wird gel\u00f6scht, wenn Sie Ihren Browser ausschalten.<\/p><p>Wenn Sie sich anmelden, setzen wir einige Cookies, um Ihre Anmeldeinformationen und Ihre Bildschirmeinstellungen zu speichern. Login-Cookies halten zwei Tage und Anzeigeeinstellungs-Cookies halten ein Jahr. Wenn Sie \u201eRemember me\u201c ausw\u00e4hlen, dauert Ihre Bewerbung zwei Wochen. Wenn Sie sich von Ihrem Konto abmelden, werden Ihre Anmelde-Cookies entfernt.<\/p><p>Wenn Sie einen Artikel bearbeiten oder ver\u00f6ffentlichen, wird ein zus\u00e4tzlicher Cookie in Ihrem Browser gespeichert. Dieses Cookie enth\u00e4lt keine pers\u00f6nlichen Informationen und zeigt nur die Ver\u00f6ffentlichungs-ID des Artikels an, den Sie gerade bearbeitet haben. Das Cookie verf\u00e4llt nach einem Tag.<\/p><p>\u00a0<\/p><h2>Eingebettete Inhalte von anderen Websites<\/h2><p>Diese Website bedient alle Artikel und Medienaufzeichnungen (z. B. Videos, Bilder, Artikel usw.) unabh\u00e4ngig und es werden keine zus\u00e4tzlichen Informationen \u00fcber Sie gesammelt.<\/p><p>\u00a0<\/p><h2>Datenverarbeitung<\/h2><p>Mit dem Absenden einer Anfrage \u00fcber unsere Kontaktformulare erkl\u00e4ren Sie sich damit einverstanden, dass wir die eingegebenen Daten zur Bearbeitung verwenden und Sie zur\u00fcckrufen, eine Nachricht oder E-Mail senden d\u00fcrfen.<\/p><p>\u00a0<\/p><h2>Wie lange wir Ihre Daten aufbewahren<\/h2><p>Diese Website erlaubt keine Selbstregistrierung von Benutzern, und wir sammeln keine Informationen \u00fcber Sie als Besucher.<\/p><p>\u00a0<\/p><h2>Welche Rechte haben Sie an Ihren Daten<\/h2><p>Wenn Sie ein Administratorkonto auf dieser Website haben oder Kommentare geschrieben haben, k\u00f6nnen Sie eine Exportdatei mit personenbezogenen Daten anfordern, die wir \u00fcber Sie gespeichert haben, einschlie\u00dflich aller Informationen, die Sie uns zur Verf\u00fcgung stellen. Sie k\u00f6nnen auch die L\u00f6schung aller personenbezogenen Daten verlangen, die wir \u00fcber Sie gespeichert haben. Dies schlie\u00dft keine Informationen ein, die wir f\u00fcr administrative, rechtliche oder Sicherheitszwecke aufbewahren m\u00fcssen.<\/p>\t\t\t\t\t\t<\/div>\n\t\t\t\t<\/div>\n\t\t\t\t\t<\/div>\n\t\t<\/div>\n\t\t\t\t\t<\/div>\n\t\t<\/section>\n\t\t\t\t<\/div>\n\t\t","protected":false},"excerpt":{"rendered":"<p>Datenschutz- und Nutzungsrichtlinie Wer wir sind TEHNO-ELEKTRO d.o.o &#8211; https:\/\/tehnoelektro.hr. \u00a0 Cookies Wenn Sie unsere Anmeldeseite besuchen, setzen wir ein tempor\u00e4res Cookie, um festzustellen, ob Ihr Browser Cookies akzeptiert. Dieses Cookie enth\u00e4lt keine personenbezogenen Daten und wird gel\u00f6scht, wenn Sie Ihren Browser ausschalten. Wenn Sie sich anmelden, setzen wir einige Cookies, um Ihre Anmeldeinformationen und [&hellip;]<\/p>\n","protected":false},"author":2,"featured_media":0,"parent":0,"menu_order":0,"comment_status":"closed","ping_status":"closed","template":"","meta":{"footnotes":""},"class_list":["post-2624","page","type-page","status-publish","hentry"],"_links":{"self":[{"href":"https:\/\/tehnoelektro.hr\/de\/wp-json\/wp\/v2\/pages\/2624","targetHints":{"allow":["GET"]}}],"collection":[{"href":"https:\/\/tehnoelektro.hr\/de\/wp-json\/wp\/v2\/pages"}],"about":[{"href":"https:\/\/tehnoelektro.hr\/de\/wp-json\/wp\/v2\/types\/page"}],"author":[{"embeddable":true,"href":"https:\/\/tehnoelektro.hr\/de\/wp-json\/wp\/v2\/users\/2"}],"replies":[{"embeddable":true,"href":"https:\/\/tehnoelektro.hr\/de\/wp-json\/wp\/v2\/comments?post=2624"}],"version-history":[{"count":4,"href":"https:\/\/tehnoelektro.hr\/de\/wp-json\/wp\/v2\/pages\/2624\/revisions"}],"predecessor-version":[{"id":2628,"href":"https:\/\/tehnoelektro.hr\/de\/wp-json\/wp\/v2\/pages\/2624\/revisions\/2628"}],"wp:attachment":[{"href":"https:\/\/tehnoelektro.hr\/de\/wp-json\/wp\/v2\/media?parent=2624"}],"curies":[{"name":"wp","href":"https:\/\/api.w.org\/{rel}","templated":true}]}}